{"id":113,"date":"2020-11-15T13:53:03","date_gmt":"2020-11-15T12:53:03","guid":{"rendered":"http:\/\/bienfaitsdelanature.com\/?page_id=113"},"modified":"2020-11-23T18:30:07","modified_gmt":"2020-11-23T17:30:07","slug":"cosmetiques","status":"publish","type":"page","link":"https:\/\/bienfaitsdelanature.com\/index.php\/cosmetiques\/","title":{"rendered":"Cosm\u00e9tiques"},"content":{"rendered":"\n<p>nos cosm\u00e9tiques sont produits en france par des artisans locaux suivant un cahier de charge tr\u00e8s rigoureux dans le respect de notre environnement.<\/p>\n\n\n\n<p>Les produits s\u00e9lectionn\u00e9s sont:  Fards \u00e0 paupi\u00e8res, rouge \u00e0 l\u00e8vres et baume, mascaras <\/p>\n\n\n\n<figure class=\"wp-block-image size-large\"><img loading=\"lazy\" width=\"1024\" height=\"768\" src=\"http:\/\/bienfaitsdelanature.com\/wp-content\/uploads\/2020\/11\/cosmetics-2116368_1920-1024x768.jpg\" alt=\"\" class=\"wp-image-156\" srcset=\"https:\/\/bienfaitsdelanature.com\/wp-content\/uploads\/2020\/11\/cosmetics-2116368_1920-1024x768.jpg 1024w, https:\/\/bienfaitsdelanature.com\/wp-content\/uploads\/2020\/11\/cosmetics-2116368_1920-300x225.jpg 300w, https:\/\/bienfaitsdelanature.com\/wp-content\/uploads\/2020\/11\/cosmetics-2116368_1920-768x576.jpg 768w, https:\/\/bienfaitsdelanature.com\/wp-content\/uploads\/2020\/11\/cosmetics-2116368_1920-1536x1152.jpg 1536w, https:\/\/bienfaitsdelanature.com\/wp-content\/uploads\/2020\/11\/cosmetics-2116368_1920.jpg 1920w\" sizes=\"(max-width: 1024px) 100vw, 1024px\" \/><\/figure>\n","protected":false},"excerpt":{"rendered":"<p>nos cosm\u00e9tiques sont produits en france par des artisans locaux suivant un cahier de charge tr\u00e8s rigoureux dans le respect de notre environnement. Les produits s\u00e9lectionn\u00e9s sont: Fards \u00e0 paupi\u00e8res, rouge \u00e0 l\u00e8vres et baume, mascaras<\/p>\n","protected":false},"author":1,"featured_media":0,"parent":0,"menu_order":0,"comment_status":"closed","ping_status":"closed","template":"","meta":{"spay_email":""},"_links":{"self":[{"href":"https:\/\/bienfaitsdelanature.com\/index.php\/wp-json\/wp\/v2\/pages\/113"}],"collection":[{"href":"https:\/\/bienfaitsdelanature.com\/index.php\/wp-json\/wp\/v2\/pages"}],"about":[{"href":"https:\/\/bienfaitsdelanature.com\/index.php\/wp-json\/wp\/v2\/types\/page"}],"author":[{"embeddable":true,"href":"https:\/\/bienfaitsdelanature.com\/index.php\/wp-json\/wp\/v2\/users\/1"}],"replies":[{"embeddable":true,"href":"https:\/\/bienfaitsdelanature.com\/index.php\/wp-json\/wp\/v2\/comments?post=113"}],"version-history":[{"count":3,"href":"https:\/\/bienfaitsdelanature.com\/index.php\/wp-json\/wp\/v2\/pages\/113\/revisions"}],"predecessor-version":[{"id":159,"href":"https:\/\/bienfaitsdelanature.com\/index.php\/wp-json\/wp\/v2\/pages\/113\/revisions\/159"}],"wp:attachment":[{"href":"https:\/\/bienfaitsdelanature.com\/index.php\/wp-json\/wp\/v2\/media?parent=113"}],"curies":[{"name":"wp","href":"https:\/\/api.w.org\/{rel}","templated":true}]}}